{"id":11115,"date":"2022-09-07T11:36:48","date_gmt":"2022-09-07T10:36:48","guid":{"rendered":"https:\/\/foodcardiff.com\/gwyl-hydref-bwyd-da-caerdydd-2022-rhaglen-yr-wyl\/"},"modified":"2022-09-08T10:08:54","modified_gmt":"2022-09-08T09:08:54","slug":"gwyl-hydref-bwyd-da-caerdydd-2022-rhaglen-yr-wyl","status":"publish","type":"page","link":"https:\/\/foodcardiff.com\/cy\/gwyl-hydref-bwyd-da-caerdydd-2022-rhaglen-yr-wyl\/","title":{"rendered":"G\u0175yl Hydref Bwyd Da Caerdydd 2022 &#8211; Rhaglen yr \u0174yl"},"content":{"rendered":"\n<p>Dyma drydedd G\u0175yl Hydref Bwyd Da Caerdydd a drefnir gan Bwyd Caerdydd i gefnogi a hyrwyddo&#8217;r genhadaeth ledled y ddinas i wneud Caerdydd yn un o Ddinasoedd Bwyd Mwyaf Cynaliadwy y Deyrnas Unedig.<\/p>\n\n<p>Bydd grwpiau cymunedol, ysgolion, gerddi a busnesau yn cynnal ystod eang o ddigwyddiadau gyda choginio, rhannu a thyfu bwyd yn ganolog iddynt. Bydd nifer o ddigwyddiadau&#8217;r hydref hwn yn canolbwyntio ar sut y mae cymunedau&#8217;n dod at ei gilydd i helpu pobl i barhau i gael gafael ar fwyd iach a maethlon drwy&#8217;r argyfwng costau byw.<\/p>\n\n<p><a href=\"https:\/\/foodcardiff.com\/cy\/?p=11103\">Darllenwch fwy am y Ffair Hydref yma.<\/a><\/p>\n\n<h2 class=\"wp-block-heading\">Mae\u2019r rhaglen ar gael isod. Cadwch eich llygaid ar y dudalen hon gan y bydd mwy o ddigwyddiadau a manylion yn cael eu hychwanegu.<\/h2>\n\n<figure class=\"wp-block-table is-style-stripes\"><table class=\"has-fixed-layout\"><thead><tr><th><strong>Ddyddiad<\/strong><\/th><th>Enw\u2019r Digwyddiad<\/th><th>Trefnydd<\/th><th>Manylion archebu<\/th><th>Ardal<\/th><\/tr><\/thead><tbody><tr><td>Drwy gydol yr \u0174yl<\/td><td>Nosweithiau Bwyta&#8217;n iach a Choginio \u2013 ff\u00eac-aw\u00eas o bob cwr o&#8217;r byd <\/td><td>Llamau<\/td><td>Trwy wahoddiad yn unig<\/td><td>Y Sblot<\/td><\/tr><tr><td>Drwy gydol yr \u0174yl<\/td><td>Prosiect Dyfodol Cynaliadwy Cymuned TYY<\/td><td>Ysgol Ton Yr Ywen<\/td><td>Trwy wahoddiad yn unig <\/td><td>Mynydd Bychan<\/td><\/tr><tr><td>10 + 11 Medi 2022<\/td><td>G\u0175yl Fwyd Amgueddfa Cymru &#8211; Ardal Bwyd Da Caerdydd<\/td><td>Amgueddfa Cymru a Bwyd Caerdydd<\/td><td><a href=\"https:\/\/museum.wales\/whatson\/food-festival\/\">Agored i Bawb<\/a><\/td><td>Sain Ffagan<\/td><\/tr><tr><td>10 Medi 2022<\/td><td>Diwrnod Croeso Cymunedol<\/td><td>Gardd a Neuadd Cymunedol Pedr Sant<\/td><td><a href=\"https:\/\/twitter.com\/StPetersComm\/status\/1566167352869376004\">Agored i Bawb<\/a><\/td><td>Y Tyllgoed<\/td><\/tr><tr><td>15 Medi 2022<\/td><td>Rhannu Ryseitiau<\/td><td>Sudanese Integration Association<\/td><td>Trwy wahoddiad yn unig<\/td><td>Treganna<\/td><\/tr><tr><td>21 Medi 2022<\/td><td>Twmpath yr Hydref yn Hen Lyfrgell y Sblot<\/td><td>Gwirfoddolwyr Cymunedol y Sblot<\/td><td>Ar agor i Bawb \u2013 cysylltwch \u00e2 <a href=\"mailto:splottcommvols@hotmail.com\">splottcommvols@hotmail.com i archebu lle<\/a><\/td><td>Y Sblot<\/td><\/tr><tr><td>28 Medi 2022<\/td><td>Dysgwch sut mae eich bwyd yn tyfu<\/td><td>Cymdeithas Rhandiroeddd Pengam y Sblot<\/td><td><\/td><td>Y Sblot<\/td><\/tr><tr><td>29 Medi 2022<\/td><td>Ready Steady Cook<\/td><td>Pantri Tremorfa<\/td><td>Digwyddiad trwy wahoddiad yn unig yw hwn ar gyfer aelodau Pantri Tremorfa.<\/td><td>Tremorfa<\/td><\/tr><tr><td>2 Hydref 2022<\/td><td>Ffermio Fertigol \u2013 O\u2019r Fferm i&#8217;r Fforc<\/td><td>CIC Urban Vertical<\/td><td>Agored i Bawb<\/td><td>Y Sblot<\/td><\/tr><tr><td>8 Hydref 2022<\/td><td>Diwrnod Gweithgaredd Hydref<\/td><td>Gardd Salad Caerdydd<\/td><td>Mae hwn yn ddigwyddiad trwy wahoddiad yn unig ar gyfer gwirfoddolwyr y gorffennol a&#8217;r presennol yng Ngardd Salad Caerdydd.<\/td><td>Parc Bute<\/td><\/tr><tr><td>10 Hydref 2022<\/td><td>Edrych, Coginio a Bwyta!<\/td><td>CEYZ<\/td><td>Digwyddiad i aelodau o\u2019r clwb ar \u00f4l ysgol sydd wedi cael gwahoddiad yw hwn<\/td><td>Trelai &amp; Caerau<\/td><\/tr><tr><td>10 &#8211; 14 Hydref 2022<\/td><td>Arferion Iach i ofalu am y galon<\/td><td>Ysgol gynradd Eglwys Sant Paul<\/td><td>Trwy wahoddiad yn unig<\/td><td>Grangetown<\/td><\/tr><tr><td>14 Hydref 2022<\/td><td>O\u2019r Pridd i\u2019r Pl\u00e2t<\/td><td>Herbies Hut<\/td><td>Trwy wahoddiad yn unig<\/td><td>Trelai &amp; Caerau<\/td><\/tr><tr><td>15 Hydref 2022<\/td><td>Tyfu, Coginio, Bwyta<\/td><td>Marchnad y Rhath<\/td><td>Agored i Bawb<\/td><td>Rhath<\/td><\/tr><tr><td>16 Hydref 2022<\/td><td>Tyfu, Coginio, Bwyta<\/td><td>Marchnad y Glan yr Afon<\/td><td>Agored i Bawb<\/td><td>Glan yr Afon<\/td><\/tr><tr><td>24 Hydref 2022<\/td><td>Gwledd yr Hydref<\/td><td>Prosiect Global Gardens<\/td><td>Agored i Bawb<\/td><td>Gabalfa<\/td><\/tr><tr><td>25 Hydref 2022<\/td><td>Gwledd Undod Splo-down<\/td><td>Splo-down<\/td><td>Agored i Bawb<\/td><td>Y Sblot<\/td><\/tr><tr><td>TBC<\/td><td>Brecinio gyda&#8217;r Merched<\/td><td>Gr\u0175p Caru Eich Hun<\/td><td>Digwyddiad trwy wahoddiad yn unig yw hwn ar gyfer aelodau Gr\u0175p Carwch Eich Hun yn Butetown.<\/td><td>Trebiwt<\/td><\/tr><\/tbody><\/table><\/figure>\n\n<p><\/p>\n","protected":false},"excerpt":{"rendered":"<p>Dyma drydedd G\u0175yl Hydref Bwyd Da Caerdydd a drefnir gan Bwyd Caerdydd i gefnogi a hyrwyddo&#8217;r genhadaeth ledled y ddinas i wneud Caerdydd yn <\/p>\n","protected":false},"author":2,"featured_media":11062,"parent":0,"menu_order":0,"comment_status":"closed","ping_status":"closed","template":"","meta":{"_acf_changed":false,"inline_featured_image":false,"footnotes":""},"class_list":["post-11115","page","type-page","status-publish","has-post-thumbnail","hentry"],"acf":[],"yoast_head":"<!-- This site is optimized with the Yoast SEO plugin v27.4 - https:\/\/yoast.com\/product\/yoast-seo-wordpress\/ -->\n<title>G\u0175yl Hydref Bwyd Da Caerdydd 2022 - Rhaglen yr \u0174yl | Food Cardiff<\/title>\n<meta name=\"description\" content=\"Bydd G\u0175yl Hydref Bwyd Da Caerdydd yn dychwelyd rhwng 10 Medi a 18 Hydref gyda dwsinau o ddigwyddiadau wedi&#039;u cynllunio ar draws y ddinas.\" \/>\n<meta name=\"robots\" content=\"index, follow, max-snippet:-1, max-image-preview:large, max-video-preview:-1\" \/>\n<link rel=\"canonical\" href=\"https:\/\/foodcardiff.com\/cy\/gwyl-hydref-bwyd-da-caerdydd-2022-rhaglen-yr-wyl\/\" \/>\n<meta property=\"og:locale\" content=\"cy_GB\" \/>\n<meta property=\"og:type\" content=\"article\" \/>\n<meta property=\"og:title\" content=\"G\u0175yl Hydref Bwyd Da Caerdydd 2022 - Rhaglen yr \u0174yl | Food Cardiff\" \/>\n<meta property=\"og:description\" content=\"Bydd G\u0175yl Hydref Bwyd Da Caerdydd yn dychwelyd rhwng 10 Medi a 18 Hydref gyda dwsinau o ddigwyddiadau wedi&#039;u cynllunio ar draws y ddinas.\" \/>\n<meta property=\"og:url\" content=\"https:\/\/foodcardiff.com\/cy\/gwyl-hydref-bwyd-da-caerdydd-2022-rhaglen-yr-wyl\/\" \/>\n<meta property=\"og:site_name\" content=\"Food Cardiff\" \/>\n<meta property=\"article:publisher\" content=\"https:\/\/www.facebook.com\/foodcardiff\" \/>\n<meta property=\"article:modified_time\" content=\"2022-09-08T09:08:54+00:00\" \/>\n<meta property=\"og:image\" content=\"https:\/\/foodcardiff.com\/wp-content\/uploads\/2022\/09\/mhorwood_Grow_Cardiff_161021_65-1-scaled.jpg\" \/>\n\t<meta property=\"og:image:width\" content=\"2560\" \/>\n\t<meta property=\"og:image:height\" content=\"1704\" \/>\n\t<meta property=\"og:image:type\" content=\"image\/jpeg\" \/>\n<meta name=\"twitter:card\" content=\"summary_large_image\" \/>\n<meta name=\"twitter:site\" content=\"@GoodFoodCardiff\" \/>\n<meta name=\"twitter:label1\" content=\"Est. reading time\" \/>\n\t<meta name=\"twitter:data1\" content=\"2 minutes\" \/>\n<script type=\"application\/ld+json\" class=\"yoast-schema-graph\">{\"@context\":\"https:\\\/\\\/schema.org\",\"@graph\":[{\"@type\":\"WebPage\",\"@id\":\"https:\\\/\\\/foodcardiff.com\\\/cy\\\/gwyl-hydref-bwyd-da-caerdydd-2022-rhaglen-yr-wyl\\\/\",\"url\":\"https:\\\/\\\/foodcardiff.com\\\/cy\\\/gwyl-hydref-bwyd-da-caerdydd-2022-rhaglen-yr-wyl\\\/\",\"name\":\"G\u0175yl Hydref Bwyd Da Caerdydd 2022 - Rhaglen yr \u0174yl | Food Cardiff\",\"isPartOf\":{\"@id\":\"https:\\\/\\\/foodcardiff.com\\\/#website\"},\"primaryImageOfPage\":{\"@id\":\"https:\\\/\\\/foodcardiff.com\\\/cy\\\/gwyl-hydref-bwyd-da-caerdydd-2022-rhaglen-yr-wyl\\\/#primaryimage\"},\"image\":{\"@id\":\"https:\\\/\\\/foodcardiff.com\\\/cy\\\/gwyl-hydref-bwyd-da-caerdydd-2022-rhaglen-yr-wyl\\\/#primaryimage\"},\"thumbnailUrl\":\"https:\\\/\\\/foodcardiff.com\\\/wp-content\\\/uploads\\\/2022\\\/09\\\/mhorwood_Grow_Cardiff_161021_65-1-scaled.jpg\",\"datePublished\":\"2022-09-07T10:36:48+00:00\",\"dateModified\":\"2022-09-08T09:08:54+00:00\",\"description\":\"Bydd G\u0175yl Hydref Bwyd Da Caerdydd yn dychwelyd rhwng 10 Medi a 18 Hydref gyda dwsinau o ddigwyddiadau wedi'u cynllunio ar draws y ddinas.\",\"breadcrumb\":{\"@id\":\"https:\\\/\\\/foodcardiff.com\\\/cy\\\/gwyl-hydref-bwyd-da-caerdydd-2022-rhaglen-yr-wyl\\\/#breadcrumb\"},\"inLanguage\":\"cy-GB\",\"potentialAction\":[{\"@type\":\"ReadAction\",\"target\":[\"https:\\\/\\\/foodcardiff.com\\\/cy\\\/gwyl-hydref-bwyd-da-caerdydd-2022-rhaglen-yr-wyl\\\/\"]}]},{\"@type\":\"ImageObject\",\"inLanguage\":\"cy-GB\",\"@id\":\"https:\\\/\\\/foodcardiff.com\\\/cy\\\/gwyl-hydref-bwyd-da-caerdydd-2022-rhaglen-yr-wyl\\\/#primaryimage\",\"url\":\"https:\\\/\\\/foodcardiff.com\\\/wp-content\\\/uploads\\\/2022\\\/09\\\/mhorwood_Grow_Cardiff_161021_65-1-scaled.jpg\",\"contentUrl\":\"https:\\\/\\\/foodcardiff.com\\\/wp-content\\\/uploads\\\/2022\\\/09\\\/mhorwood_Grow_Cardiff_161021_65-1-scaled.jpg\",\"width\":2560,\"height\":1704},{\"@type\":\"BreadcrumbList\",\"@id\":\"https:\\\/\\\/foodcardiff.com\\\/cy\\\/gwyl-hydref-bwyd-da-caerdydd-2022-rhaglen-yr-wyl\\\/#breadcrumb\",\"itemListElement\":[{\"@type\":\"ListItem\",\"position\":1,\"name\":\"Home\",\"item\":\"https:\\\/\\\/foodcardiff.com\\\/cy\\\/\"},{\"@type\":\"ListItem\",\"position\":2,\"name\":\"G\u0175yl Hydref Bwyd Da Caerdydd 2022 &#8211; Rhaglen yr \u0174yl\"}]},{\"@type\":\"WebSite\",\"@id\":\"https:\\\/\\\/foodcardiff.com\\\/#website\",\"url\":\"https:\\\/\\\/foodcardiff.com\\\/\",\"name\":\"Food Cardiff\",\"description\":\"Working together to make food fair\",\"publisher\":{\"@id\":\"https:\\\/\\\/foodcardiff.com\\\/#organization\"},\"potentialAction\":[{\"@type\":\"SearchAction\",\"target\":{\"@type\":\"EntryPoint\",\"urlTemplate\":\"https:\\\/\\\/foodcardiff.com\\\/?s={search_term_string}\"},\"query-input\":{\"@type\":\"PropertyValueSpecification\",\"valueRequired\":true,\"valueName\":\"search_term_string\"}}],\"inLanguage\":\"cy-GB\"},{\"@type\":\"Organization\",\"@id\":\"https:\\\/\\\/foodcardiff.com\\\/#organization\",\"name\":\"Food Cardiff\",\"url\":\"https:\\\/\\\/foodcardiff.com\\\/\",\"logo\":{\"@type\":\"ImageObject\",\"inLanguage\":\"cy-GB\",\"@id\":\"https:\\\/\\\/foodcardiff.com\\\/#\\\/schema\\\/logo\\\/image\\\/\",\"url\":\"https:\\\/\\\/foodcardiff.com\\\/wp-content\\\/uploads\\\/2022\\\/03\\\/FoodCardiff_logo_green.jpg\",\"contentUrl\":\"https:\\\/\\\/foodcardiff.com\\\/wp-content\\\/uploads\\\/2022\\\/03\\\/FoodCardiff_logo_green.jpg\",\"width\":768,\"height\":650,\"caption\":\"Food Cardiff\"},\"image\":{\"@id\":\"https:\\\/\\\/foodcardiff.com\\\/#\\\/schema\\\/logo\\\/image\\\/\"},\"sameAs\":[\"https:\\\/\\\/www.facebook.com\\\/foodcardiff\",\"https:\\\/\\\/x.com\\\/GoodFoodCardiff\",\"http:\\\/\\\/instagram.com\\\/foodcardiff\"]}]}<\/script>\n<!-- \/ Yoast SEO plugin. -->","yoast_head_json":{"title":"G\u0175yl Hydref Bwyd Da Caerdydd 2022 - Rhaglen yr \u0174yl | Food Cardiff","description":"Bydd G\u0175yl Hydref Bwyd Da Caerdydd yn dychwelyd rhwng 10 Medi a 18 Hydref gyda dwsinau o ddigwyddiadau wedi'u cynllunio ar draws y ddinas.","robots":{"index":"index","follow":"follow","max-snippet":"max-snippet:-1","max-image-preview":"max-image-preview:large","max-video-preview":"max-video-preview:-1"},"canonical":"https:\/\/foodcardiff.com\/cy\/gwyl-hydref-bwyd-da-caerdydd-2022-rhaglen-yr-wyl\/","og_locale":"cy_GB","og_type":"article","og_title":"G\u0175yl Hydref Bwyd Da Caerdydd 2022 - Rhaglen yr \u0174yl | Food Cardiff","og_description":"Bydd G\u0175yl Hydref Bwyd Da Caerdydd yn dychwelyd rhwng 10 Medi a 18 Hydref gyda dwsinau o ddigwyddiadau wedi'u cynllunio ar draws y ddinas.","og_url":"https:\/\/foodcardiff.com\/cy\/gwyl-hydref-bwyd-da-caerdydd-2022-rhaglen-yr-wyl\/","og_site_name":"Food Cardiff","article_publisher":"https:\/\/www.facebook.com\/foodcardiff","article_modified_time":"2022-09-08T09:08:54+00:00","og_image":[{"width":2560,"height":1704,"url":"https:\/\/foodcardiff.com\/wp-content\/uploads\/2022\/09\/mhorwood_Grow_Cardiff_161021_65-1-scaled.jpg","type":"image\/jpeg"}],"twitter_card":"summary_large_image","twitter_site":"@GoodFoodCardiff","twitter_misc":{"Est. reading time":"2 minutes"},"schema":{"@context":"https:\/\/schema.org","@graph":[{"@type":"WebPage","@id":"https:\/\/foodcardiff.com\/cy\/gwyl-hydref-bwyd-da-caerdydd-2022-rhaglen-yr-wyl\/","url":"https:\/\/foodcardiff.com\/cy\/gwyl-hydref-bwyd-da-caerdydd-2022-rhaglen-yr-wyl\/","name":"G\u0175yl Hydref Bwyd Da Caerdydd 2022 - Rhaglen yr \u0174yl | Food Cardiff","isPartOf":{"@id":"https:\/\/foodcardiff.com\/#website"},"primaryImageOfPage":{"@id":"https:\/\/foodcardiff.com\/cy\/gwyl-hydref-bwyd-da-caerdydd-2022-rhaglen-yr-wyl\/#primaryimage"},"image":{"@id":"https:\/\/foodcardiff.com\/cy\/gwyl-hydref-bwyd-da-caerdydd-2022-rhaglen-yr-wyl\/#primaryimage"},"thumbnailUrl":"https:\/\/foodcardiff.com\/wp-content\/uploads\/2022\/09\/mhorwood_Grow_Cardiff_161021_65-1-scaled.jpg","datePublished":"2022-09-07T10:36:48+00:00","dateModified":"2022-09-08T09:08:54+00:00","description":"Bydd G\u0175yl Hydref Bwyd Da Caerdydd yn dychwelyd rhwng 10 Medi a 18 Hydref gyda dwsinau o ddigwyddiadau wedi'u cynllunio ar draws y ddinas.","breadcrumb":{"@id":"https:\/\/foodcardiff.com\/cy\/gwyl-hydref-bwyd-da-caerdydd-2022-rhaglen-yr-wyl\/#breadcrumb"},"inLanguage":"cy-GB","potentialAction":[{"@type":"ReadAction","target":["https:\/\/foodcardiff.com\/cy\/gwyl-hydref-bwyd-da-caerdydd-2022-rhaglen-yr-wyl\/"]}]},{"@type":"ImageObject","inLanguage":"cy-GB","@id":"https:\/\/foodcardiff.com\/cy\/gwyl-hydref-bwyd-da-caerdydd-2022-rhaglen-yr-wyl\/#primaryimage","url":"https:\/\/foodcardiff.com\/wp-content\/uploads\/2022\/09\/mhorwood_Grow_Cardiff_161021_65-1-scaled.jpg","contentUrl":"https:\/\/foodcardiff.com\/wp-content\/uploads\/2022\/09\/mhorwood_Grow_Cardiff_161021_65-1-scaled.jpg","width":2560,"height":1704},{"@type":"BreadcrumbList","@id":"https:\/\/foodcardiff.com\/cy\/gwyl-hydref-bwyd-da-caerdydd-2022-rhaglen-yr-wyl\/#breadcrumb","itemListElement":[{"@type":"ListItem","position":1,"name":"Home","item":"https:\/\/foodcardiff.com\/cy\/"},{"@type":"ListItem","position":2,"name":"G\u0175yl Hydref Bwyd Da Caerdydd 2022 &#8211; Rhaglen yr \u0174yl"}]},{"@type":"WebSite","@id":"https:\/\/foodcardiff.com\/#website","url":"https:\/\/foodcardiff.com\/","name":"Food Cardiff","description":"Working together to make food fair","publisher":{"@id":"https:\/\/foodcardiff.com\/#organization"},"potentialAction":[{"@type":"SearchAction","target":{"@type":"EntryPoint","urlTemplate":"https:\/\/foodcardiff.com\/?s={search_term_string}"},"query-input":{"@type":"PropertyValueSpecification","valueRequired":true,"valueName":"search_term_string"}}],"inLanguage":"cy-GB"},{"@type":"Organization","@id":"https:\/\/foodcardiff.com\/#organization","name":"Food Cardiff","url":"https:\/\/foodcardiff.com\/","logo":{"@type":"ImageObject","inLanguage":"cy-GB","@id":"https:\/\/foodcardiff.com\/#\/schema\/logo\/image\/","url":"https:\/\/foodcardiff.com\/wp-content\/uploads\/2022\/03\/FoodCardiff_logo_green.jpg","contentUrl":"https:\/\/foodcardiff.com\/wp-content\/uploads\/2022\/03\/FoodCardiff_logo_green.jpg","width":768,"height":650,"caption":"Food Cardiff"},"image":{"@id":"https:\/\/foodcardiff.com\/#\/schema\/logo\/image\/"},"sameAs":["https:\/\/www.facebook.com\/foodcardiff","https:\/\/x.com\/GoodFoodCardiff","http:\/\/instagram.com\/foodcardiff"]}]}},"_links":{"self":[{"href":"https:\/\/foodcardiff.com\/cy\/wp-json\/wp\/v2\/pages\/11115","targetHints":{"allow":["GET"]}}],"collection":[{"href":"https:\/\/foodcardiff.com\/cy\/wp-json\/wp\/v2\/pages"}],"about":[{"href":"https:\/\/foodcardiff.com\/cy\/wp-json\/wp\/v2\/types\/page"}],"author":[{"embeddable":true,"href":"https:\/\/foodcardiff.com\/cy\/wp-json\/wp\/v2\/users\/2"}],"replies":[{"embeddable":true,"href":"https:\/\/foodcardiff.com\/cy\/wp-json\/wp\/v2\/comments?post=11115"}],"version-history":[{"count":4,"href":"https:\/\/foodcardiff.com\/cy\/wp-json\/wp\/v2\/pages\/11115\/revisions"}],"predecessor-version":[{"id":11121,"href":"https:\/\/foodcardiff.com\/cy\/wp-json\/wp\/v2\/pages\/11115\/revisions\/11121"}],"wp:featuredmedia":[{"embeddable":true,"href":"https:\/\/foodcardiff.com\/cy\/wp-json\/wp\/v2\/media\/11062"}],"wp:attachment":[{"href":"https:\/\/foodcardiff.com\/cy\/wp-json\/wp\/v2\/media?parent=11115"}],"curies":[{"name":"wp","href":"https:\/\/api.w.org\/{rel}","templated":true}]}}